{"id":652,"date":"2025-05-04T10:48:42","date_gmt":"2025-05-04T10:48:42","guid":{"rendered":"https:\/\/mbardon.com\/?page_id=652"},"modified":"2026-01-30T15:40:46","modified_gmt":"2026-01-30T15:40:46","slug":"politica-cookies","status":"publish","type":"page","link":"https:\/\/mbardon.com\/index.php\/politica-cookies\/","title":{"rendered":"Pol\u00edtica de cookies"},"content":{"rendered":"\t\t<div data-elementor-type=\"wp-page\" data-elementor-id=\"652\" class=\"elementor elementor-652\" data-elementor-post-type=\"page\">\n\t\t\t\t<div class=\"elementor-element elementor-element-679fee4 e-flex e-con-boxed e-con e-parent\" data-id=\"679fee4\" data-element_type=\"container\">\n\t\t\t\t\t<div class=\"e-con-inner\">\n\t\t\t\t<div class=\"elementor-element elementor-element-2092ca3 elementor-widget elementor-widget-heading\" data-id=\"2092ca3\" data-element_type=\"widget\" data-widget_type=\"heading.default\">\n\t\t\t\t<div class=\"elementor-widget-container\">\n\t\t\t\t\t<h2 class=\"elementor-heading-title elementor-size-default\">Pol\u00edtica de cookies<\/h2>\t\t\t\t<\/div>\n\t\t\t\t<\/div>\n\t\t\t\t\t<\/div>\n\t\t\t\t<\/div>\n\t\t<div class=\"elementor-element elementor-element-55c0ed2 e-flex e-con-boxed e-con e-parent\" data-id=\"55c0ed2\" data-element_type=\"container\">\n\t\t\t\t\t<div class=\"e-con-inner\">\n\t\t\t\t<div class=\"elementor-element elementor-element-24e3f7f elementor-widget elementor-widget-text-editor\" data-id=\"24e3f7f\" data-element_type=\"widget\" data-widget_type=\"text-editor.default\">\n\t\t\t\t<div class=\"elementor-widget-container\">\n\t\t\t\t\t\t\t\t\t<h2 data-start=\"340\" data-end=\"362\" style=\"color: rgb(0, 0, 0);\"><span style=\"font-family: inherit; font-size: 1.75rem;\">1. \u00bfQu\u00e9 son las cookies?<\/span><\/h2><p data-start=\"394\" data-end=\"671\" style=\"color: rgb(0, 0, 0); font-size: medium;\">Las cookies son peque\u00f1os archivos de texto que se almacenan en el dispositivo del usuario cuando visita un sitio web. Sirven para garantizar el correcto funcionamiento de la p\u00e1gina, recordar preferencias del usuario y obtener informaci\u00f3n estad\u00edstica sobre el uso del sitio web.<\/p><hr data-start=\"673\" data-end=\"676\" style=\"font-size: medium;\"><h3 data-start=\"678\" data-end=\"706\" style=\"color: rgb(0, 0, 0);\">2. Titular del sitio web<\/h3><p data-start=\"708\" data-end=\"815\" style=\"color: rgb(0, 0, 0); font-size: medium;\">De conformidad con lo dispuesto en la normativa vigente, se informa de los datos del titular del sitio web:<\/p><p data-start=\"817\" data-end=\"1004\" style=\"color: rgb(0, 0, 0); font-size: medium;\"><strong data-start=\"817\" data-end=\"829\">Titular:<\/strong> Dulce Mar\u00eda Bard\u00f3n del R\u00edo<br data-start=\"856\" data-end=\"859\"><strong data-start=\"859\" data-end=\"867\">NIF:<\/strong> 74890819J<br data-start=\"877\" data-end=\"880\"><strong data-start=\"880\" data-end=\"901\">Domicilio social:<\/strong> C\/ Sierra de Ronda 1, portal 28, 2\u00ba Q, 29720, M\u00e1laga<br data-start=\"954\" data-end=\"957\"><strong data-start=\"957\" data-end=\"980\">Correo electr\u00f3nico:<\/strong> <a data-start=\"981\" data-end=\"1002\" rel=\"noopener\" data-uw-rm-kbnav=\"anohref\" tabindex=\"0\">dm.bardon@hotmail.com<span aria-hidden=\"true\"><svg xmlns=\"http:\/\/www.w3.org\/2000\/svg\" width=\"20\" height=\"20\" aria-hidden=\"true\" data-rtl-flip=\"\"><use href=\"\/cdn\/assets\/sprites-core-ev4bxrov.svg#304883\" fill=\"currentColor\"><\/use><\/svg><\/span><\/a><\/p><hr data-start=\"1006\" data-end=\"1009\" style=\"font-size: medium;\"><h3 data-start=\"1011\" data-end=\"1045\" style=\"color: rgb(0, 0, 0);\">3. Tipos de cookies utilizadas<\/h3><p data-start=\"1047\" data-end=\"1107\" style=\"color: rgb(0, 0, 0); font-size: medium;\">Este sitio web utiliza las siguientes categor\u00edas de cookies:<\/p><h4 data-start=\"1109\" data-end=\"1148\" style=\"color: rgb(0, 0, 0); font-size: medium;\">a) Cookies t\u00e9cnicas o necesarias<\/h4><p data-start=\"1149\" data-end=\"1354\" style=\"color: rgb(0, 0, 0); font-size: medium;\">Son aquellas necesarias para el correcto funcionamiento del sitio web y no requieren el consentimiento del usuario. Permiten, entre otras funciones, la navegaci\u00f3n por la p\u00e1gina y el acceso a \u00e1reas seguras.<\/p><h4 data-start=\"1356\" data-end=\"1385\" style=\"color: rgb(0, 0, 0); font-size: medium;\">b) Cookies de an\u00e1lisis<\/h4><p data-start=\"1386\" data-end=\"1612\" style=\"color: rgb(0, 0, 0); font-size: medium;\">Permiten cuantificar el n\u00famero de usuarios y analizar la forma en que estos navegan por el sitio web, con el fin de mejorar la experiencia del usuario.<br data-start=\"1537\" data-end=\"1540\">Estas cookies solo se instalar\u00e1n si el usuario presta su consentimiento.<\/p><p data-start=\"1614\" data-end=\"1651\" style=\"color: rgb(0, 0, 0); font-size: medium;\">Ejemplo: cookies de Google Analytics.<\/p><h4 data-start=\"1653\" data-end=\"1682\" style=\"color: rgb(0, 0, 0); font-size: medium;\">c) Cookies de terceros<\/h4><p data-start=\"1683\" data-end=\"1880\" style=\"color: rgb(0, 0, 0); font-size: medium;\">Este sitio web puede utilizar servicios de terceros que recopilan informaci\u00f3n con fines estad\u00edsticos o publicitarios. La instalaci\u00f3n de estas cookies queda supeditada al consentimiento del usuario.<\/p><hr data-start=\"1882\" data-end=\"1885\" style=\"font-size: medium;\"><h3 data-start=\"1887\" data-end=\"1930\" style=\"color: rgb(0, 0, 0);\">4. Cookies utilizadas en este sitio web<\/h3><p data-start=\"1932\" data-end=\"2005\" style=\"color: rgb(0, 0, 0); font-size: medium;\">A modo orientativo, este sitio web puede utilizar las siguientes cookies:<\/p><div style=\"color: rgb(0, 0, 0); font-size: medium;\"><div tabindex=\"-1\"><table data-start=\"2007\" data-end=\"2306\"><thead data-start=\"2007\" data-end=\"2047\"><tr data-start=\"2007\" data-end=\"2047\"><th data-start=\"2007\" data-end=\"2016\" data-col-size=\"sm\">Cookie<\/th><th data-start=\"2016\" data-end=\"2023\" data-col-size=\"sm\">Tipo<\/th><th data-start=\"2023\" data-end=\"2035\" data-col-size=\"md\">Finalidad<\/th><th data-start=\"2035\" data-end=\"2047\" data-col-size=\"sm\">Duraci\u00f3n<\/th><\/tr><\/thead><tbody data-start=\"2085\" data-end=\"2306\"><tr data-start=\"2085\" data-end=\"2157\"><td data-start=\"2085\" data-end=\"2091\" data-col-size=\"sm\">_ga<\/td><td data-start=\"2091\" data-end=\"2103\" data-col-size=\"sm\">Anal\u00edtica<\/td><td data-start=\"2103\" data-end=\"2147\" data-col-size=\"md\">An\u00e1lisis de navegaci\u00f3n (Google Analytics)<\/td><td data-start=\"2147\" data-end=\"2157\" data-col-size=\"sm\">2 a\u00f1os<\/td><\/tr><tr data-start=\"2158\" data-end=\"2221\"><td data-start=\"2158\" data-end=\"2165\" data-col-size=\"sm\">_gid<\/td><td data-start=\"2165\" data-end=\"2177\" data-col-size=\"sm\">Anal\u00edtica<\/td><td data-start=\"2177\" data-end=\"2209\" data-col-size=\"md\">An\u00e1lisis de uso del sitio web<\/td><td data-start=\"2209\" data-end=\"2221\" data-col-size=\"sm\">24 horas<\/td><\/tr><tr data-start=\"2222\" data-end=\"2306\"><td data-start=\"2222\" data-end=\"2247\" data-col-size=\"sm\">cookie_notice_accepted<\/td><td data-start=\"2247\" data-end=\"2257\" data-col-size=\"sm\">T\u00e9cnica<\/td><td data-start=\"2257\" data-end=\"2297\" data-col-size=\"md\">Gesti\u00f3n del consentimiento de cookies<\/td><td data-start=\"2297\" data-end=\"2306\" data-col-size=\"sm\">1 a\u00f1o<\/td><\/tr><\/tbody><\/table><\/div><\/div><blockquote data-start=\"2308\" data-end=\"2444\" style=\"color: rgb(0, 0, 0); font-size: medium;\"><p data-start=\"2310\" data-end=\"2444\"><strong data-start=\"2310\" data-end=\"2319\">Nota:<\/strong> El listado concreto de cookies puede variar en funci\u00f3n de las herramientas utilizadas y se actualizar\u00e1 cuando sea necesario.<\/p><\/blockquote><hr data-start=\"2446\" data-end=\"2449\" style=\"font-size: medium;\"><h3 data-start=\"2451\" data-end=\"2492\" style=\"color: rgb(0, 0, 0);\">5. Gesti\u00f3n y configuraci\u00f3n de cookies<\/h3><p data-start=\"2494\" data-end=\"2643\" style=\"color: rgb(0, 0, 0); font-size: medium;\">Al acceder por primera vez al sitio web, el usuario es informado del uso de cookies mediante un banner o panel de configuraci\u00f3n, desde el cual puede:<\/p><ul data-start=\"2645\" data-end=\"2765\" style=\"color: rgb(0, 0, 0); font-size: medium;\"><li data-start=\"2645\" data-end=\"2673\"><p data-start=\"2647\" data-end=\"2673\">Aceptar todas las cookies.<\/p><\/li><li data-start=\"2674\" data-end=\"2711\"><p data-start=\"2676\" data-end=\"2711\">Rechazar las cookies no necesarias.<\/p><\/li><li data-start=\"2712\" data-end=\"2765\"><p data-start=\"2714\" data-end=\"2765\">Configurar sus preferencias de forma personalizada.<\/p><\/li><\/ul><p data-start=\"2767\" data-end=\"2917\" style=\"color: rgb(0, 0, 0); font-size: medium;\">El usuario puede modificar o retirar su consentimiento en cualquier momento a trav\u00e9s del panel de configuraci\u00f3n de cookies disponible en el sitio web.<\/p><p data-start=\"2919\" data-end=\"3094\" style=\"color: rgb(0, 0, 0); font-size: medium;\">Asimismo, puede configurar su navegador para bloquear o eliminar las cookies instaladas. A continuaci\u00f3n, se facilitan enlaces con informaci\u00f3n para los principales navegadores:<\/p><ul data-start=\"3096\" data-end=\"3163\" style=\"color: rgb(0, 0, 0); font-size: medium;\"><li data-start=\"3096\" data-end=\"3113\"><p data-start=\"3098\" data-end=\"3113\">Google Chrome<\/p><\/li><li data-start=\"3114\" data-end=\"3133\"><p data-start=\"3116\" data-end=\"3133\">Mozilla Firefox<\/p><\/li><li data-start=\"3134\" data-end=\"3144\"><p data-start=\"3136\" data-end=\"3144\">Safari<\/p><\/li><li data-start=\"3145\" data-end=\"3163\"><p data-start=\"3147\" data-end=\"3163\">Microsoft Edge<\/p><\/li><\/ul><hr data-start=\"3165\" data-end=\"3168\" style=\"font-size: medium;\"><h3 data-start=\"3170\" data-end=\"3210\" style=\"color: rgb(0, 0, 0);\">6. Base legal para el uso de cookies<\/h3><p data-start=\"3212\" data-end=\"3473\" style=\"color: rgb(0, 0, 0); font-size: medium;\">La base legal para el uso de cookies t\u00e9cnicas es el inter\u00e9s leg\u00edtimo del titular del sitio web.<br data-start=\"3307\" data-end=\"3310\">La base legal para el uso de cookies anal\u00edticas o de terceros es el consentimiento expreso del usuario, conforme al art\u00edculo 6 del Reglamento (UE) 2016\/679 (RGPD).<\/p><hr data-start=\"3475\" data-end=\"3478\" style=\"font-size: medium;\"><h3 data-start=\"3480\" data-end=\"3526\" style=\"color: rgb(0, 0, 0);\">7. Actualizaci\u00f3n de la pol\u00edtica de cookies<\/h3><p data-start=\"3528\" data-end=\"3718\" style=\"color: rgb(0, 0, 0); font-size: medium;\">La presente pol\u00edtica de cookies puede ser modificada en funci\u00f3n de exigencias legislativas o cambios en las cookies utilizadas. Se recomienda al usuario revisar esta pol\u00edtica peri\u00f3dicamente.<\/p>\t\t\t\t\t\t\t\t<\/div>\n\t\t\t\t<\/div>\n\t\t\t\t\t<\/div>\n\t\t\t\t<\/div>\n\t\t\t\t<\/div>\n\t\t","protected":false},"excerpt":{"rendered":"<p>Pol\u00edtica de cookies 1. \u00bfQu\u00e9 son las cookies? Las cookies son peque\u00f1os archivos de texto que se almacenan en el dispositivo del usuario cuando visita un sitio web. Sirven para garantizar el correcto funcionamiento de la p\u00e1gina, recordar preferencias del usuario y obtener informaci\u00f3n estad\u00edstica sobre el uso del sitio web. 2. Titular del sitio [&hellip;]<\/p>\n","protected":false},"author":1,"featured_media":0,"parent":0,"menu_order":0,"comment_status":"closed","ping_status":"closed","template":"","meta":{"footnotes":""},"class_list":["post-652","page","type-page","status-publish","hentry"],"yoast_head":"<!-- This site is optimized with the Yoast SEO plugin v25.6 - https:\/\/yoast.com\/wordpress\/plugins\/seo\/ -->\n<title>Pol\u00edtica de cookies - Est\u00e9tica MBardon<\/title>\n<meta name=\"robots\" content=\"index, follow, max-snippet:-1, max-image-preview:large, max-video-preview:-1\" \/>\n<link rel=\"canonical\" href=\"https:\/\/mbardon.com\/index.php\/politica-cookies\/\" \/>\n<meta property=\"og:locale\" content=\"es_ES\" \/>\n<meta property=\"og:type\" content=\"article\" \/>\n<meta property=\"og:title\" content=\"Pol\u00edtica de cookies - Est\u00e9tica MBardon\" \/>\n<meta property=\"og:description\" content=\"Pol\u00edtica de cookies 1. \u00bfQu\u00e9 son las cookies? Las cookies son peque\u00f1os archivos de texto que se almacenan en el dispositivo del usuario cuando visita un sitio web. Sirven para garantizar el correcto funcionamiento de la p\u00e1gina, recordar preferencias del usuario y obtener informaci\u00f3n estad\u00edstica sobre el uso del sitio web. 2. Titular del sitio [&hellip;]\" \/>\n<meta property=\"og:url\" content=\"https:\/\/mbardon.com\/index.php\/politica-cookies\/\" \/>\n<meta property=\"og:site_name\" content=\"Est\u00e9tica MBardon\" \/>\n<meta property=\"article:modified_time\" content=\"2026-01-30T15:40:46+00:00\" \/>\n<meta name=\"twitter:card\" content=\"summary_large_image\" \/>\n<meta name=\"twitter:label1\" content=\"Tiempo de lectura\" \/>\n\t<meta name=\"twitter:data1\" content=\"3 minutos\" \/>\n<script type=\"application\/ld+json\" class=\"yoast-schema-graph\">{\"@context\":\"https:\/\/schema.org\",\"@graph\":[{\"@type\":\"WebPage\",\"@id\":\"https:\/\/mbardon.com\/index.php\/politica-cookies\/\",\"url\":\"https:\/\/mbardon.com\/index.php\/politica-cookies\/\",\"name\":\"Pol\u00edtica de cookies - Est\u00e9tica MBardon\",\"isPartOf\":{\"@id\":\"https:\/\/mbardon.com\/#website\"},\"datePublished\":\"2025-05-04T10:48:42+00:00\",\"dateModified\":\"2026-01-30T15:40:46+00:00\",\"breadcrumb\":{\"@id\":\"https:\/\/mbardon.com\/index.php\/politica-cookies\/#breadcrumb\"},\"inLanguage\":\"es\",\"potentialAction\":[{\"@type\":\"ReadAction\",\"target\":[\"https:\/\/mbardon.com\/index.php\/politica-cookies\/\"]}]},{\"@type\":\"BreadcrumbList\",\"@id\":\"https:\/\/mbardon.com\/index.php\/politica-cookies\/#breadcrumb\",\"itemListElement\":[{\"@type\":\"ListItem\",\"position\":1,\"name\":\"Portada\",\"item\":\"https:\/\/mbardon.com\/\"},{\"@type\":\"ListItem\",\"position\":2,\"name\":\"Pol\u00edtica de cookies\"}]},{\"@type\":\"WebSite\",\"@id\":\"https:\/\/mbardon.com\/#website\",\"url\":\"https:\/\/mbardon.com\/\",\"name\":\"Est\u00e9tica MBardon\",\"description\":\"\",\"publisher\":{\"@id\":\"https:\/\/mbardon.com\/#organization\"},\"potentialAction\":[{\"@type\":\"SearchAction\",\"target\":{\"@type\":\"EntryPoint\",\"urlTemplate\":\"https:\/\/mbardon.com\/?s={search_term_string}\"},\"query-input\":{\"@type\":\"PropertyValueSpecification\",\"valueRequired\":true,\"valueName\":\"search_term_string\"}}],\"inLanguage\":\"es\"},{\"@type\":\"Organization\",\"@id\":\"https:\/\/mbardon.com\/#organization\",\"name\":\"Est\u00e9tica MBardon\",\"url\":\"https:\/\/mbardon.com\/\",\"logo\":{\"@type\":\"ImageObject\",\"inLanguage\":\"es\",\"@id\":\"https:\/\/mbardon.com\/#\/schema\/logo\/image\/\",\"url\":\"https:\/\/mbardon.com\/wp-content\/uploads\/2025\/03\/Recurso-3.svg\",\"contentUrl\":\"https:\/\/mbardon.com\/wp-content\/uploads\/2025\/03\/Recurso-3.svg\",\"width\":78,\"height\":81,\"caption\":\"Est\u00e9tica MBardon\"},\"image\":{\"@id\":\"https:\/\/mbardon.com\/#\/schema\/logo\/image\/\"}}]}<\/script>\n<!-- \/ Yoast SEO plugin. -->","yoast_head_json":{"title":"Pol\u00edtica de cookies - Est\u00e9tica MBardon","robots":{"index":"index","follow":"follow","max-snippet":"max-snippet:-1","max-image-preview":"max-image-preview:large","max-video-preview":"max-video-preview:-1"},"canonical":"https:\/\/mbardon.com\/index.php\/politica-cookies\/","og_locale":"es_ES","og_type":"article","og_title":"Pol\u00edtica de cookies - Est\u00e9tica MBardon","og_description":"Pol\u00edtica de cookies 1. \u00bfQu\u00e9 son las cookies? Las cookies son peque\u00f1os archivos de texto que se almacenan en el dispositivo del usuario cuando visita un sitio web. Sirven para garantizar el correcto funcionamiento de la p\u00e1gina, recordar preferencias del usuario y obtener informaci\u00f3n estad\u00edstica sobre el uso del sitio web. 2. Titular del sitio [&hellip;]","og_url":"https:\/\/mbardon.com\/index.php\/politica-cookies\/","og_site_name":"Est\u00e9tica MBardon","article_modified_time":"2026-01-30T15:40:46+00:00","twitter_card":"summary_large_image","twitter_misc":{"Tiempo de lectura":"3 minutos"},"schema":{"@context":"https:\/\/schema.org","@graph":[{"@type":"WebPage","@id":"https:\/\/mbardon.com\/index.php\/politica-cookies\/","url":"https:\/\/mbardon.com\/index.php\/politica-cookies\/","name":"Pol\u00edtica de cookies - Est\u00e9tica MBardon","isPartOf":{"@id":"https:\/\/mbardon.com\/#website"},"datePublished":"2025-05-04T10:48:42+00:00","dateModified":"2026-01-30T15:40:46+00:00","breadcrumb":{"@id":"https:\/\/mbardon.com\/index.php\/politica-cookies\/#breadcrumb"},"inLanguage":"es","potentialAction":[{"@type":"ReadAction","target":["https:\/\/mbardon.com\/index.php\/politica-cookies\/"]}]},{"@type":"BreadcrumbList","@id":"https:\/\/mbardon.com\/index.php\/politica-cookies\/#breadcrumb","itemListElement":[{"@type":"ListItem","position":1,"name":"Portada","item":"https:\/\/mbardon.com\/"},{"@type":"ListItem","position":2,"name":"Pol\u00edtica de cookies"}]},{"@type":"WebSite","@id":"https:\/\/mbardon.com\/#website","url":"https:\/\/mbardon.com\/","name":"Est\u00e9tica MBardon","description":"","publisher":{"@id":"https:\/\/mbardon.com\/#organization"},"potentialAction":[{"@type":"SearchAction","target":{"@type":"EntryPoint","urlTemplate":"https:\/\/mbardon.com\/?s={search_term_string}"},"query-input":{"@type":"PropertyValueSpecification","valueRequired":true,"valueName":"search_term_string"}}],"inLanguage":"es"},{"@type":"Organization","@id":"https:\/\/mbardon.com\/#organization","name":"Est\u00e9tica MBardon","url":"https:\/\/mbardon.com\/","logo":{"@type":"ImageObject","inLanguage":"es","@id":"https:\/\/mbardon.com\/#\/schema\/logo\/image\/","url":"https:\/\/mbardon.com\/wp-content\/uploads\/2025\/03\/Recurso-3.svg","contentUrl":"https:\/\/mbardon.com\/wp-content\/uploads\/2025\/03\/Recurso-3.svg","width":78,"height":81,"caption":"Est\u00e9tica MBardon"},"image":{"@id":"https:\/\/mbardon.com\/#\/schema\/logo\/image\/"}}]}},"_links":{"self":[{"href":"https:\/\/mbardon.com\/index.php\/wp-json\/wp\/v2\/pages\/652","targetHints":{"allow":["GET"]}}],"collection":[{"href":"https:\/\/mbardon.com\/index.php\/wp-json\/wp\/v2\/pages"}],"about":[{"href":"https:\/\/mbardon.com\/index.php\/wp-json\/wp\/v2\/types\/page"}],"author":[{"embeddable":true,"href":"https:\/\/mbardon.com\/index.php\/wp-json\/wp\/v2\/users\/1"}],"replies":[{"embeddable":true,"href":"https:\/\/mbardon.com\/index.php\/wp-json\/wp\/v2\/comments?post=652"}],"version-history":[{"count":7,"href":"https:\/\/mbardon.com\/index.php\/wp-json\/wp\/v2\/pages\/652\/revisions"}],"predecessor-version":[{"id":1034,"href":"https:\/\/mbardon.com\/index.php\/wp-json\/wp\/v2\/pages\/652\/revisions\/1034"}],"wp:attachment":[{"href":"https:\/\/mbardon.com\/index.php\/wp-json\/wp\/v2\/media?parent=652"}],"curies":[{"name":"wp","href":"https:\/\/api.w.org\/{rel}","templated":true}]}}