{"id":648,"date":"2025-05-04T10:48:00","date_gmt":"2025-05-04T10:48:00","guid":{"rendered":"https:\/\/mbardon.com\/?page_id=648"},"modified":"2026-01-30T15:34:18","modified_gmt":"2026-01-30T15:34:18","slug":"politica-privacidad","status":"publish","type":"page","link":"https:\/\/mbardon.com\/index.php\/politica-privacidad\/","title":{"rendered":"Pol\u00edtica de privacidad"},"content":{"rendered":"\t\t<div data-elementor-type=\"wp-page\" data-elementor-id=\"648\" class=\"elementor elementor-648\" data-elementor-post-type=\"page\">\n\t\t\t\t<div class=\"elementor-element elementor-element-c811909 e-flex e-con-boxed e-con e-parent\" data-id=\"c811909\" data-element_type=\"container\">\n\t\t\t\t\t<div class=\"e-con-inner\">\n\t\t\t\t<div class=\"elementor-element elementor-element-29d01e4 elementor-widget elementor-widget-heading\" data-id=\"29d01e4\" data-element_type=\"widget\" data-widget_type=\"heading.default\">\n\t\t\t\t<div class=\"elementor-widget-container\">\n\t\t\t\t\t<h2 class=\"elementor-heading-title elementor-size-default\">Pol\u00edtica de privacidad<\/h2>\t\t\t\t<\/div>\n\t\t\t\t<\/div>\n\t\t\t\t\t<\/div>\n\t\t\t\t<\/div>\n\t\t<div class=\"elementor-element elementor-element-0a1cb90 e-flex e-con-boxed e-con e-parent\" data-id=\"0a1cb90\" data-element_type=\"container\">\n\t\t\t\t\t<div class=\"e-con-inner\">\n\t\t\t\t<div class=\"elementor-element elementor-element-356377a elementor-widget elementor-widget-text-editor\" data-id=\"356377a\" data-element_type=\"widget\" data-widget_type=\"text-editor.default\">\n\t\t\t\t<div class=\"elementor-widget-container\">\n\t\t\t\t\t\t\t\t\t<h2 data-start=\"269\" data-end=\"294\"><span style=\"color: inherit; font-family: inherit; font-size: 1.75rem;\">1. Responsable del tratamiento<\/span><\/h2><p data-start=\"332\" data-end=\"516\">De conformidad con lo dispuesto en el Reglamento (UE) 2016\/679 (RGPD) y la Ley Org\u00e1nica 3\/2018 (LOPDGDD), se informa al usuario de los siguientes datos del responsable del tratamiento:<\/p><p data-start=\"518\" data-end=\"675\"><strong data-start=\"567\" data-end=\"579\">Titular:<\/strong><i>Dulce Maria Bardon del Rio<br \/><\/i><strong data-start=\"615\" data-end=\"627\">NIF\/CIF:<\/strong> <i>74890819J<br \/><\/i><strong data-start=\"639\" data-end=\"660\">Domicilio social:<\/strong><i>C\/ Sierra de Ronda 1 portal 28 2\u00baQ <\/i><i>29720, M\u00e1laga<br \/><\/i><strong data-start=\"684\" data-end=\"707\">Correo electr\u00f3nico:<\/strong><\/p><hr data-start=\"677\" data-end=\"680\" \/><h3 data-start=\"682\" data-end=\"727\">2. Finalidad del tratamiento de los datos<\/h3><p data-start=\"729\" data-end=\"843\">Los datos personales que el usuario facilite a trav\u00e9s del sitio web ser\u00e1n tratados con las siguientes finalidades:<\/p><ul data-start=\"845\" data-end=\"1126\"><li data-start=\"845\" data-end=\"930\"><p data-start=\"847\" data-end=\"930\">Atender consultas o solicitudes realizadas a trav\u00e9s de los formularios de contacto.<\/p><\/li><li data-start=\"931\" data-end=\"994\"><p data-start=\"933\" data-end=\"994\">Gestionar la relaci\u00f3n profesional o comercial con el usuario.<\/p><\/li><li data-start=\"995\" data-end=\"1126\"><p data-start=\"997\" data-end=\"1126\">Enviar comunicaciones informativas relacionadas con los servicios del titular, cuando el usuario haya prestado su consentimiento.<\/p><\/li><\/ul><hr data-start=\"1128\" data-end=\"1131\" \/><h3 data-start=\"1133\" data-end=\"1172\">3. Legitimaci\u00f3n para el tratamiento<\/h3><p data-start=\"1174\" data-end=\"1235\">La base legal para el tratamiento de los datos personales es:<\/p><ul data-start=\"1237\" data-end=\"1546\"><li data-start=\"1237\" data-end=\"1352\"><p data-start=\"1239\" data-end=\"1352\">El <strong data-start=\"1242\" data-end=\"1272\">consentimiento del usuario<\/strong>, otorgado mediante la aceptaci\u00f3n expresa de la presente pol\u00edtica de privacidad.<\/p><\/li><li data-start=\"1353\" data-end=\"1457\"><p data-start=\"1355\" data-end=\"1457\">La <strong data-start=\"1358\" data-end=\"1386\">ejecuci\u00f3n de un contrato<\/strong> o la aplicaci\u00f3n de medidas precontractuales, cuando resulte necesario.<\/p><\/li><li data-start=\"1458\" data-end=\"1546\"><p data-start=\"1460\" data-end=\"1546\">El <strong data-start=\"1463\" data-end=\"1503\">cumplimiento de obligaciones legales<\/strong> aplicables al responsable del tratamiento.<\/p><\/li><\/ul><hr data-start=\"1548\" data-end=\"1551\" \/><h3 data-start=\"1553\" data-end=\"1585\">4. Conservaci\u00f3n de los datos<\/h3><p data-start=\"1587\" data-end=\"1832\">Los datos personales se conservar\u00e1n durante el tiempo necesario para cumplir con la finalidad para la que fueron recabados y para determinar las posibles responsabilidades que se pudieran derivar del tratamiento, conforme a la normativa vigente.<\/p><hr data-start=\"1834\" data-end=\"1837\" \/><h3 data-start=\"1839\" data-end=\"1872\">5. Destinatarios de los datos<\/h3><p data-start=\"1874\" data-end=\"2104\">Los datos personales no se ceder\u00e1n a terceros, salvo obligaci\u00f3n legal o cuando sea necesario para la correcta prestaci\u00f3n del servicio (por ejemplo, proveedores de servicios tecnol\u00f3gicos que act\u00faen como encargados del tratamiento).<\/p><p data-start=\"2106\" data-end=\"2213\">En ning\u00fan caso se realizar\u00e1n transferencias internacionales de datos sin las garant\u00edas legalmente exigidas.<\/p><hr data-start=\"2215\" data-end=\"2218\" \/><h3 data-start=\"2220\" data-end=\"2251\">6. Derechos de los usuarios<\/h3><p data-start=\"2253\" data-end=\"2280\">El usuario tiene derecho a:<\/p><ul data-start=\"2282\" data-end=\"2561\"><li data-start=\"2282\" data-end=\"2315\"><p data-start=\"2284\" data-end=\"2315\">Acceder a sus datos personales.<\/p><\/li><li data-start=\"2316\" data-end=\"2368\"><p data-start=\"2318\" data-end=\"2368\">Solicitar la rectificaci\u00f3n de los datos inexactos.<\/p><\/li><li data-start=\"2369\" data-end=\"2436\"><p data-start=\"2371\" data-end=\"2436\">Solicitar la supresi\u00f3n de sus datos cuando ya no sean necesarios.<\/p><\/li><li data-start=\"2437\" data-end=\"2479\"><p data-start=\"2439\" data-end=\"2479\">Solicitar la limitaci\u00f3n del tratamiento.<\/p><\/li><li data-start=\"2480\" data-end=\"2519\"><p data-start=\"2482\" data-end=\"2519\">Oponerse al tratamiento de sus datos.<\/p><\/li><li data-start=\"2520\" data-end=\"2561\"><p data-start=\"2522\" data-end=\"2561\">Solicitar la portabilidad de sus datos.<\/p><\/li><\/ul><p data-start=\"2563\" data-end=\"2768\">Para ejercer estos derechos, el usuario puede enviar una solicitud escrita, acompa\u00f1ada de copia de su documento identificativo, al correo electr\u00f3nico indicado en el apartado de responsable del tratamiento.<\/p><p data-start=\"2770\" data-end=\"2973\">Asimismo, el usuario tiene derecho a presentar una reclamaci\u00f3n ante la <strong data-start=\"2841\" data-end=\"2891\">Agencia Espa\u00f1ola de Protecci\u00f3n de Datos (AEPD)<\/strong> si considera que el tratamiento de sus datos no se ajusta a la normativa vigente.<\/p><hr data-start=\"2975\" data-end=\"2978\" \/><h3 data-start=\"2980\" data-end=\"3007\">7. Medidas de seguridad<\/h3><p data-start=\"3009\" data-end=\"3235\">El responsable del tratamiento adopta las medidas t\u00e9cnicas y organizativas necesarias para garantizar la seguridad, integridad y confidencialidad de los datos personales, evitando su p\u00e9rdida, alteraci\u00f3n o acceso no autorizado.<\/p><hr data-start=\"3237\" data-end=\"3240\" \/><h3 data-start=\"3242\" data-end=\"3267\">8. Enlaces a terceros<\/h3><p data-start=\"3269\" data-end=\"3435\">El sitio web puede contener enlaces a p\u00e1ginas web de terceros. El responsable no se hace responsable del contenido ni de las pol\u00edticas de privacidad de dichos sitios.<\/p><hr data-start=\"3437\" data-end=\"3440\" \/><h3 data-start=\"3442\" data-end=\"3490\">9. Modificaci\u00f3n de la pol\u00edtica de privacidad<\/h3><p>\u00a0<\/p><p data-start=\"3492\" data-end=\"3721\">El responsable del tratamiento se reserva el derecho a modificar la presente pol\u00edtica de privacidad para adaptarla a novedades legislativas o jurisprudenciales. En dichos supuestos, se anunciar\u00e1n los cambios en esta misma p\u00e1gina.<\/p>\t\t\t\t\t\t\t\t<\/div>\n\t\t\t\t<\/div>\n\t\t\t\t\t<\/div>\n\t\t\t\t<\/div>\n\t\t\t\t<\/div>\n\t\t","protected":false},"excerpt":{"rendered":"<p>Pol\u00edtica de privacidad 1. Responsable del tratamiento De conformidad con lo dispuesto en el Reglamento (UE) 2016\/679 (RGPD) y la Ley Org\u00e1nica 3\/2018 (LOPDGDD), se informa al usuario de los siguientes datos del responsable del tratamiento: Titular:Dulce Maria Bardon del RioNIF\/CIF: 74890819JDomicilio social:C\/ Sierra de Ronda 1 portal 28 2\u00baQ 29720, M\u00e1lagaCorreo electr\u00f3nico: 2. Finalidad [&hellip;]<\/p>\n","protected":false},"author":1,"featured_media":0,"parent":0,"menu_order":0,"comment_status":"closed","ping_status":"closed","template":"","meta":{"footnotes":""},"class_list":["post-648","page","type-page","status-publish","hentry"],"yoast_head":"<!-- This site is optimized with the Yoast SEO plugin v25.6 - https:\/\/yoast.com\/wordpress\/plugins\/seo\/ -->\n<title>Pol\u00edtica de privacidad - Est\u00e9tica MBardon<\/title>\n<meta name=\"robots\" content=\"index, follow, max-snippet:-1, max-image-preview:large, max-video-preview:-1\" \/>\n<link rel=\"canonical\" href=\"https:\/\/mbardon.com\/index.php\/politica-privacidad\/\" \/>\n<meta property=\"og:locale\" content=\"es_ES\" \/>\n<meta property=\"og:type\" content=\"article\" \/>\n<meta property=\"og:title\" content=\"Pol\u00edtica de privacidad - Est\u00e9tica MBardon\" \/>\n<meta property=\"og:description\" content=\"Pol\u00edtica de privacidad 1. Responsable del tratamiento De conformidad con lo dispuesto en el Reglamento (UE) 2016\/679 (RGPD) y la Ley Org\u00e1nica 3\/2018 (LOPDGDD), se informa al usuario de los siguientes datos del responsable del tratamiento: Titular:Dulce Maria Bardon del RioNIF\/CIF: 74890819JDomicilio social:C\/ Sierra de Ronda 1 portal 28 2\u00baQ 29720, M\u00e1lagaCorreo electr\u00f3nico: 2. Finalidad [&hellip;]\" \/>\n<meta property=\"og:url\" content=\"https:\/\/mbardon.com\/index.php\/politica-privacidad\/\" \/>\n<meta property=\"og:site_name\" content=\"Est\u00e9tica MBardon\" \/>\n<meta property=\"article:modified_time\" content=\"2026-01-30T15:34:18+00:00\" \/>\n<meta name=\"twitter:card\" content=\"summary_large_image\" \/>\n<meta name=\"twitter:label1\" content=\"Tiempo de lectura\" \/>\n\t<meta name=\"twitter:data1\" content=\"3 minutos\" \/>\n<script type=\"application\/ld+json\" class=\"yoast-schema-graph\">{\"@context\":\"https:\/\/schema.org\",\"@graph\":[{\"@type\":\"WebPage\",\"@id\":\"https:\/\/mbardon.com\/index.php\/politica-privacidad\/\",\"url\":\"https:\/\/mbardon.com\/index.php\/politica-privacidad\/\",\"name\":\"Pol\u00edtica de privacidad - Est\u00e9tica MBardon\",\"isPartOf\":{\"@id\":\"https:\/\/mbardon.com\/#website\"},\"datePublished\":\"2025-05-04T10:48:00+00:00\",\"dateModified\":\"2026-01-30T15:34:18+00:00\",\"breadcrumb\":{\"@id\":\"https:\/\/mbardon.com\/index.php\/politica-privacidad\/#breadcrumb\"},\"inLanguage\":\"es\",\"potentialAction\":[{\"@type\":\"ReadAction\",\"target\":[\"https:\/\/mbardon.com\/index.php\/politica-privacidad\/\"]}]},{\"@type\":\"BreadcrumbList\",\"@id\":\"https:\/\/mbardon.com\/index.php\/politica-privacidad\/#breadcrumb\",\"itemListElement\":[{\"@type\":\"ListItem\",\"position\":1,\"name\":\"Portada\",\"item\":\"https:\/\/mbardon.com\/\"},{\"@type\":\"ListItem\",\"position\":2,\"name\":\"Pol\u00edtica de privacidad\"}]},{\"@type\":\"WebSite\",\"@id\":\"https:\/\/mbardon.com\/#website\",\"url\":\"https:\/\/mbardon.com\/\",\"name\":\"Est\u00e9tica MBardon\",\"description\":\"\",\"publisher\":{\"@id\":\"https:\/\/mbardon.com\/#organization\"},\"potentialAction\":[{\"@type\":\"SearchAction\",\"target\":{\"@type\":\"EntryPoint\",\"urlTemplate\":\"https:\/\/mbardon.com\/?s={search_term_string}\"},\"query-input\":{\"@type\":\"PropertyValueSpecification\",\"valueRequired\":true,\"valueName\":\"search_term_string\"}}],\"inLanguage\":\"es\"},{\"@type\":\"Organization\",\"@id\":\"https:\/\/mbardon.com\/#organization\",\"name\":\"Est\u00e9tica MBardon\",\"url\":\"https:\/\/mbardon.com\/\",\"logo\":{\"@type\":\"ImageObject\",\"inLanguage\":\"es\",\"@id\":\"https:\/\/mbardon.com\/#\/schema\/logo\/image\/\",\"url\":\"https:\/\/mbardon.com\/wp-content\/uploads\/2025\/03\/Recurso-3.svg\",\"contentUrl\":\"https:\/\/mbardon.com\/wp-content\/uploads\/2025\/03\/Recurso-3.svg\",\"width\":78,\"height\":81,\"caption\":\"Est\u00e9tica MBardon\"},\"image\":{\"@id\":\"https:\/\/mbardon.com\/#\/schema\/logo\/image\/\"}}]}<\/script>\n<!-- \/ Yoast SEO plugin. -->","yoast_head_json":{"title":"Pol\u00edtica de privacidad - Est\u00e9tica MBardon","robots":{"index":"index","follow":"follow","max-snippet":"max-snippet:-1","max-image-preview":"max-image-preview:large","max-video-preview":"max-video-preview:-1"},"canonical":"https:\/\/mbardon.com\/index.php\/politica-privacidad\/","og_locale":"es_ES","og_type":"article","og_title":"Pol\u00edtica de privacidad - Est\u00e9tica MBardon","og_description":"Pol\u00edtica de privacidad 1. Responsable del tratamiento De conformidad con lo dispuesto en el Reglamento (UE) 2016\/679 (RGPD) y la Ley Org\u00e1nica 3\/2018 (LOPDGDD), se informa al usuario de los siguientes datos del responsable del tratamiento: Titular:Dulce Maria Bardon del RioNIF\/CIF: 74890819JDomicilio social:C\/ Sierra de Ronda 1 portal 28 2\u00baQ 29720, M\u00e1lagaCorreo electr\u00f3nico: 2. Finalidad [&hellip;]","og_url":"https:\/\/mbardon.com\/index.php\/politica-privacidad\/","og_site_name":"Est\u00e9tica MBardon","article_modified_time":"2026-01-30T15:34:18+00:00","twitter_card":"summary_large_image","twitter_misc":{"Tiempo de lectura":"3 minutos"},"schema":{"@context":"https:\/\/schema.org","@graph":[{"@type":"WebPage","@id":"https:\/\/mbardon.com\/index.php\/politica-privacidad\/","url":"https:\/\/mbardon.com\/index.php\/politica-privacidad\/","name":"Pol\u00edtica de privacidad - Est\u00e9tica MBardon","isPartOf":{"@id":"https:\/\/mbardon.com\/#website"},"datePublished":"2025-05-04T10:48:00+00:00","dateModified":"2026-01-30T15:34:18+00:00","breadcrumb":{"@id":"https:\/\/mbardon.com\/index.php\/politica-privacidad\/#breadcrumb"},"inLanguage":"es","potentialAction":[{"@type":"ReadAction","target":["https:\/\/mbardon.com\/index.php\/politica-privacidad\/"]}]},{"@type":"BreadcrumbList","@id":"https:\/\/mbardon.com\/index.php\/politica-privacidad\/#breadcrumb","itemListElement":[{"@type":"ListItem","position":1,"name":"Portada","item":"https:\/\/mbardon.com\/"},{"@type":"ListItem","position":2,"name":"Pol\u00edtica de privacidad"}]},{"@type":"WebSite","@id":"https:\/\/mbardon.com\/#website","url":"https:\/\/mbardon.com\/","name":"Est\u00e9tica MBardon","description":"","publisher":{"@id":"https:\/\/mbardon.com\/#organization"},"potentialAction":[{"@type":"SearchAction","target":{"@type":"EntryPoint","urlTemplate":"https:\/\/mbardon.com\/?s={search_term_string}"},"query-input":{"@type":"PropertyValueSpecification","valueRequired":true,"valueName":"search_term_string"}}],"inLanguage":"es"},{"@type":"Organization","@id":"https:\/\/mbardon.com\/#organization","name":"Est\u00e9tica MBardon","url":"https:\/\/mbardon.com\/","logo":{"@type":"ImageObject","inLanguage":"es","@id":"https:\/\/mbardon.com\/#\/schema\/logo\/image\/","url":"https:\/\/mbardon.com\/wp-content\/uploads\/2025\/03\/Recurso-3.svg","contentUrl":"https:\/\/mbardon.com\/wp-content\/uploads\/2025\/03\/Recurso-3.svg","width":78,"height":81,"caption":"Est\u00e9tica MBardon"},"image":{"@id":"https:\/\/mbardon.com\/#\/schema\/logo\/image\/"}}]}},"_links":{"self":[{"href":"https:\/\/mbardon.com\/index.php\/wp-json\/wp\/v2\/pages\/648","targetHints":{"allow":["GET"]}}],"collection":[{"href":"https:\/\/mbardon.com\/index.php\/wp-json\/wp\/v2\/pages"}],"about":[{"href":"https:\/\/mbardon.com\/index.php\/wp-json\/wp\/v2\/types\/page"}],"author":[{"embeddable":true,"href":"https:\/\/mbardon.com\/index.php\/wp-json\/wp\/v2\/users\/1"}],"replies":[{"embeddable":true,"href":"https:\/\/mbardon.com\/index.php\/wp-json\/wp\/v2\/comments?post=648"}],"version-history":[{"count":8,"href":"https:\/\/mbardon.com\/index.php\/wp-json\/wp\/v2\/pages\/648\/revisions"}],"predecessor-version":[{"id":1031,"href":"https:\/\/mbardon.com\/index.php\/wp-json\/wp\/v2\/pages\/648\/revisions\/1031"}],"wp:attachment":[{"href":"https:\/\/mbardon.com\/index.php\/wp-json\/wp\/v2\/media?parent=648"}],"curies":[{"name":"wp","href":"https:\/\/api.w.org\/{rel}","templated":true}]}}