{"id":356,"date":"2025-04-10T17:01:45","date_gmt":"2025-04-10T17:01:45","guid":{"rendered":"https:\/\/mbardon.com\/?page_id=356"},"modified":"2025-05-20T09:15:11","modified_gmt":"2025-05-20T09:15:11","slug":"microblading","status":"publish","type":"page","link":"https:\/\/mbardon.com\/index.php\/microblading\/","title":{"rendered":"Microblading"},"content":{"rendered":"\t\t<div data-elementor-type=\"wp-page\" data-elementor-id=\"356\" class=\"elementor elementor-356\" data-elementor-post-type=\"page\">\n\t\t\t\t<div class=\"elementor-element elementor-element-a13e8e3 e-flex e-con-boxed e-con e-parent\" data-id=\"a13e8e3\" data-element_type=\"container\">\n\t\t\t\t\t<div class=\"e-con-inner\">\n\t\t\t\t<div class=\"elementor-element elementor-element-636eb24 descriptor elementor-widget elementor-widget-heading\" data-id=\"636eb24\" data-element_type=\"widget\" data-widget_type=\"heading.default\">\n\t\t\t\t<div class=\"elementor-widget-container\">\n\t\t\t\t\t<span class=\"elementor-heading-title elementor-size-default\">Est\u00e9tica avanzada - Medicina est\u00e9tica - Microblading - Depilaci\u00f3n l\u00e1ser<\/span>\t\t\t\t<\/div>\n\t\t\t\t<\/div>\n\t\t\t\t\t<\/div>\n\t\t\t\t<\/div>\n\t\t<div class=\"elementor-element elementor-element-f989b0c e-flex e-con-boxed e-con e-parent\" data-id=\"f989b0c\" data-element_type=\"container\">\n\t\t\t\t\t<div class=\"e-con-inner\">\n\t\t\t\t<div class=\"elementor-element elementor-element-93a7d0b elementor-widget elementor-widget-heading\" data-id=\"93a7d0b\" data-element_type=\"widget\" data-widget_type=\"heading.default\">\n\t\t\t\t<div class=\"elementor-widget-container\">\n\t\t\t\t\t<h2 class=\"elementor-heading-title elementor-size-default\">Microblading<\/h2>\t\t\t\t<\/div>\n\t\t\t\t<\/div>\n\t\t\t\t<div class=\"elementor-element elementor-element-7ed5f02 elementor-widget elementor-widget-text-editor\" data-id=\"7ed5f02\" data-element_type=\"widget\" data-widget_type=\"text-editor.default\">\n\t\t\t\t<div class=\"elementor-widget-container\">\n\t\t\t\t\t\t\t\t\t<p>La micropigmentaci\u00f3n es una t\u00e9cnica precisa y segura que embellece, corrige y realza los rasgos del rostro de forma duradera. Nuestro enfoque se basa en resultados naturales y adaptados a las facciones de cada persona, cuidando cada detalle del dise\u00f1o y la aplicaci\u00f3n.<\/p>\t\t\t\t\t\t\t\t<\/div>\n\t\t\t\t<\/div>\n\t\t\t\t<div class=\"elementor-element elementor-element-c59f307 elementor-icon-list--layout-traditional elementor-list-item-link-full_width elementor-widget elementor-widget-icon-list\" data-id=\"c59f307\" data-element_type=\"widget\" data-widget_type=\"icon-list.default\">\n\t\t\t\t<div class=\"elementor-widget-container\">\n\t\t\t\t\t\t\t<ul class=\"elementor-icon-list-items\">\n\t\t\t\t\t\t\t<li class=\"elementor-icon-list-item\">\n\t\t\t\t\t\t\t\t\t\t\t<span class=\"elementor-icon-list-icon\">\n\t\t\t\t\t\t\t<svg aria-hidden=\"true\" class=\"e-font-icon-svg e-fas-arrow-right\" viewBox=\"0 0 448 512\" xmlns=\"http:\/\/www.w3.org\/2000\/svg\"><path d=\"M190.5 66.9l22.2-22.2c9.4-9.4 24.6-9.4 33.9 0L441 239c9.4 9.4 9.4 24.6 0 33.9L246.6 467.3c-9.4 9.4-24.6 9.4-33.9 0l-22.2-22.2c-9.5-9.5-9.3-25 .4-34.3L311.4 296H24c-13.3 0-24-10.7-24-24v-32c0-13.3 10.7-24 24-24h287.4L190.9 101.2c-9.8-9.3-10-24.8-.4-34.3z\"><\/path><\/svg>\t\t\t\t\t\t<\/span>\n\t\t\t\t\t\t\t\t\t\t<span class=\"elementor-icon-list-text\">Micropigmentaci\u00f3n de labios<\/span>\n\t\t\t\t\t\t\t\t\t<\/li>\n\t\t\t\t\t\t\t\t<li class=\"elementor-icon-list-item\">\n\t\t\t\t\t\t\t\t\t\t\t<span class=\"elementor-icon-list-icon\">\n\t\t\t\t\t\t\t<svg aria-hidden=\"true\" class=\"e-font-icon-svg e-fas-arrow-right\" viewBox=\"0 0 448 512\" xmlns=\"http:\/\/www.w3.org\/2000\/svg\"><path d=\"M190.5 66.9l22.2-22.2c9.4-9.4 24.6-9.4 33.9 0L441 239c9.4 9.4 9.4 24.6 0 33.9L246.6 467.3c-9.4 9.4-24.6 9.4-33.9 0l-22.2-22.2c-9.5-9.5-9.3-25 .4-34.3L311.4 296H24c-13.3 0-24-10.7-24-24v-32c0-13.3 10.7-24 24-24h287.4L190.9 101.2c-9.8-9.3-10-24.8-.4-34.3z\"><\/path><\/svg>\t\t\t\t\t\t<\/span>\n\t\t\t\t\t\t\t\t\t\t<span class=\"elementor-icon-list-text\">Eye liner<\/span>\n\t\t\t\t\t\t\t\t\t<\/li>\n\t\t\t\t\t\t\t\t<li class=\"elementor-icon-list-item\">\n\t\t\t\t\t\t\t\t\t\t\t<span class=\"elementor-icon-list-icon\">\n\t\t\t\t\t\t\t<svg aria-hidden=\"true\" class=\"e-font-icon-svg e-fas-arrow-right\" viewBox=\"0 0 448 512\" xmlns=\"http:\/\/www.w3.org\/2000\/svg\"><path d=\"M190.5 66.9l22.2-22.2c9.4-9.4 24.6-9.4 33.9 0L441 239c9.4 9.4 9.4 24.6 0 33.9L246.6 467.3c-9.4 9.4-24.6 9.4-33.9 0l-22.2-22.2c-9.5-9.5-9.3-25 .4-34.3L311.4 296H24c-13.3 0-24-10.7-24-24v-32c0-13.3 10.7-24 24-24h287.4L190.9 101.2c-9.8-9.3-10-24.8-.4-34.3z\"><\/path><\/svg>\t\t\t\t\t\t<\/span>\n\t\t\t\t\t\t\t\t\t\t<span class=\"elementor-icon-list-text\">Microblading en cejas<\/span>\n\t\t\t\t\t\t\t\t\t<\/li>\n\t\t\t\t\t\t\t\t<li class=\"elementor-icon-list-item\">\n\t\t\t\t\t\t\t\t\t\t\t<span class=\"elementor-icon-list-icon\">\n\t\t\t\t\t\t\t<svg aria-hidden=\"true\" class=\"e-font-icon-svg e-fas-arrow-right\" viewBox=\"0 0 448 512\" xmlns=\"http:\/\/www.w3.org\/2000\/svg\"><path d=\"M190.5 66.9l22.2-22.2c9.4-9.4 24.6-9.4 33.9 0L441 239c9.4 9.4 9.4 24.6 0 33.9L246.6 467.3c-9.4 9.4-24.6 9.4-33.9 0l-22.2-22.2c-9.5-9.5-9.3-25 .4-34.3L311.4 296H24c-13.3 0-24-10.7-24-24v-32c0-13.3 10.7-24 24-24h287.4L190.9 101.2c-9.8-9.3-10-24.8-.4-34.3z\"><\/path><\/svg>\t\t\t\t\t\t<\/span>\n\t\t\t\t\t\t\t\t\t\t<span class=\"elementor-icon-list-text\">Shadow<\/span>\n\t\t\t\t\t\t\t\t\t<\/li>\n\t\t\t\t\t\t<\/ul>\n\t\t\t\t\t\t<\/div>\n\t\t\t\t<\/div>\n\t\t\t\t\t<\/div>\n\t\t\t\t<\/div>\n\t\t<div class=\"elementor-element elementor-element-aef3ff6 e-flex e-con-boxed e-con e-parent\" data-id=\"aef3ff6\" data-element_type=\"container\" data-settings=\"{&quot;background_background&quot;:&quot;classic&quot;}\">\n\t\t\t\t\t<div class=\"e-con-inner\">\n\t\t\t\t<div class=\"elementor-element elementor-element-89516a9 elementor-widget elementor-widget-heading\" data-id=\"89516a9\" data-element_type=\"widget\" data-widget_type=\"heading.default\">\n\t\t\t\t<div class=\"elementor-widget-container\">\n\t\t\t\t\t<p class=\"elementor-heading-title elementor-size-default\">\nDIAGN\u00d3STICO PREVIO - VALORACI\u00d3N GRATUITA<\/p>\t\t\t\t<\/div>\n\t\t\t\t<\/div>\n\t\t\t\t<div class=\"elementor-element elementor-element-9c4e957 elementor-widget elementor-widget-text-editor\" data-id=\"9c4e957\" data-element_type=\"widget\" data-widget_type=\"text-editor.default\">\n\t\t\t\t<div class=\"elementor-widget-container\">\n\t\t\t\t\t\t\t\t\t<p><b>\u00bfC\u00f3mo ser\u00e1 tu experiencia?<\/b><\/p><p>1. Con un <b><u>analizador digital<\/u><\/b> veremos en qu\u00e9 estado se encuentra tu piel<\/p><p>2. Seg\u00fan tus objetivos se valorar\u00e1 el tipo de <b><u>tratamiento m\u00e1s favorable<\/u><\/b><\/p><p>3. Se te har\u00e1 un <b><u>protocolo personalizado<\/u><\/b> con n\u00famero de sesiones y frecuencia de las visitas.<\/p>\t\t\t\t\t\t\t\t<\/div>\n\t\t\t\t<\/div>\n\t\t\t\t<div class=\"elementor-element elementor-element-6d256cf elementor-widget__width-initial elementor-widget elementor-widget-heading\" data-id=\"6d256cf\" data-element_type=\"widget\" data-widget_type=\"heading.default\">\n\t\t\t\t<div class=\"elementor-widget-container\">\n\t\t\t\t\t<h2 class=\"elementor-heading-title elementor-size-default\"><a href=\"https:\/\/wa.me\/34698925461?text=Hola,%20me%20gustar\u00eda%20tener%20m\u00e1s%20informaci\u00f3n%20sobre%20el%20diagn\u00f3stico%20previo%20gratuito.\" target=\"_blank\" class=\"whatsapp-btn\">M\u00c1S INFORMACI\u00d3N<\/a><\/h2>\t\t\t\t<\/div>\n\t\t\t\t<\/div>\n\t\t\t\t\t<\/div>\n\t\t\t\t<\/div>\n\t\t\t\t<\/div>\n\t\t","protected":false},"excerpt":{"rendered":"<p>Est\u00e9tica avanzada &#8211; Medicina est\u00e9tica &#8211; Microblading &#8211; Depilaci\u00f3n l\u00e1ser Microblading La micropigmentaci\u00f3n es una t\u00e9cnica precisa y segura que embellece, corrige y realza los rasgos del rostro de forma duradera. Nuestro enfoque se basa en resultados naturales y adaptados a las facciones de cada persona, cuidando cada detalle del dise\u00f1o y la aplicaci\u00f3n. Micropigmentaci\u00f3n [&hellip;]<\/p>\n","protected":false},"author":1,"featured_media":0,"parent":0,"menu_order":0,"comment_status":"closed","ping_status":"closed","template":"","meta":{"footnotes":""},"class_list":["post-356","page","type-page","status-publish","hentry"],"yoast_head":"<!-- This site is optimized with the Yoast SEO plugin v25.6 - https:\/\/yoast.com\/wordpress\/plugins\/seo\/ -->\n<title>Microblading - Est\u00e9tica MBardon<\/title>\n<meta name=\"robots\" content=\"index, follow, max-snippet:-1, max-image-preview:large, max-video-preview:-1\" \/>\n<link rel=\"canonical\" href=\"https:\/\/mbardon.com\/index.php\/microblading\/\" \/>\n<meta property=\"og:locale\" content=\"es_ES\" \/>\n<meta property=\"og:type\" content=\"article\" \/>\n<meta property=\"og:title\" content=\"Microblading - Est\u00e9tica MBardon\" \/>\n<meta property=\"og:description\" content=\"Est\u00e9tica avanzada &#8211; Medicina est\u00e9tica &#8211; Microblading &#8211; Depilaci\u00f3n l\u00e1ser Microblading La micropigmentaci\u00f3n es una t\u00e9cnica precisa y segura que embellece, corrige y realza los rasgos del rostro de forma duradera. Nuestro enfoque se basa en resultados naturales y adaptados a las facciones de cada persona, cuidando cada detalle del dise\u00f1o y la aplicaci\u00f3n. Micropigmentaci\u00f3n [&hellip;]\" \/>\n<meta property=\"og:url\" content=\"https:\/\/mbardon.com\/index.php\/microblading\/\" \/>\n<meta property=\"og:site_name\" content=\"Est\u00e9tica MBardon\" \/>\n<meta property=\"article:modified_time\" content=\"2025-05-20T09:15:11+00:00\" \/>\n<meta name=\"twitter:card\" content=\"summary_large_image\" \/>\n<meta name=\"twitter:label1\" content=\"Tiempo de lectura\" \/>\n\t<meta name=\"twitter:data1\" content=\"1 minuto\" \/>\n<script type=\"application\/ld+json\" class=\"yoast-schema-graph\">{\"@context\":\"https:\/\/schema.org\",\"@graph\":[{\"@type\":\"WebPage\",\"@id\":\"https:\/\/mbardon.com\/index.php\/microblading\/\",\"url\":\"https:\/\/mbardon.com\/index.php\/microblading\/\",\"name\":\"Microblading - Est\u00e9tica MBardon\",\"isPartOf\":{\"@id\":\"https:\/\/mbardon.com\/#website\"},\"datePublished\":\"2025-04-10T17:01:45+00:00\",\"dateModified\":\"2025-05-20T09:15:11+00:00\",\"breadcrumb\":{\"@id\":\"https:\/\/mbardon.com\/index.php\/microblading\/#breadcrumb\"},\"inLanguage\":\"es\",\"potentialAction\":[{\"@type\":\"ReadAction\",\"target\":[\"https:\/\/mbardon.com\/index.php\/microblading\/\"]}]},{\"@type\":\"BreadcrumbList\",\"@id\":\"https:\/\/mbardon.com\/index.php\/microblading\/#breadcrumb\",\"itemListElement\":[{\"@type\":\"ListItem\",\"position\":1,\"name\":\"Portada\",\"item\":\"https:\/\/mbardon.com\/\"},{\"@type\":\"ListItem\",\"position\":2,\"name\":\"Microblading\"}]},{\"@type\":\"WebSite\",\"@id\":\"https:\/\/mbardon.com\/#website\",\"url\":\"https:\/\/mbardon.com\/\",\"name\":\"Est\u00e9tica MBardon\",\"description\":\"\",\"publisher\":{\"@id\":\"https:\/\/mbardon.com\/#organization\"},\"potentialAction\":[{\"@type\":\"SearchAction\",\"target\":{\"@type\":\"EntryPoint\",\"urlTemplate\":\"https:\/\/mbardon.com\/?s={search_term_string}\"},\"query-input\":{\"@type\":\"PropertyValueSpecification\",\"valueRequired\":true,\"valueName\":\"search_term_string\"}}],\"inLanguage\":\"es\"},{\"@type\":\"Organization\",\"@id\":\"https:\/\/mbardon.com\/#organization\",\"name\":\"Est\u00e9tica MBardon\",\"url\":\"https:\/\/mbardon.com\/\",\"logo\":{\"@type\":\"ImageObject\",\"inLanguage\":\"es\",\"@id\":\"https:\/\/mbardon.com\/#\/schema\/logo\/image\/\",\"url\":\"https:\/\/mbardon.com\/wp-content\/uploads\/2025\/03\/Recurso-3.svg\",\"contentUrl\":\"https:\/\/mbardon.com\/wp-content\/uploads\/2025\/03\/Recurso-3.svg\",\"width\":78,\"height\":81,\"caption\":\"Est\u00e9tica MBardon\"},\"image\":{\"@id\":\"https:\/\/mbardon.com\/#\/schema\/logo\/image\/\"}}]}<\/script>\n<!-- \/ Yoast SEO plugin. -->","yoast_head_json":{"title":"Microblading - Est\u00e9tica MBardon","robots":{"index":"index","follow":"follow","max-snippet":"max-snippet:-1","max-image-preview":"max-image-preview:large","max-video-preview":"max-video-preview:-1"},"canonical":"https:\/\/mbardon.com\/index.php\/microblading\/","og_locale":"es_ES","og_type":"article","og_title":"Microblading - Est\u00e9tica MBardon","og_description":"Est\u00e9tica avanzada &#8211; Medicina est\u00e9tica &#8211; Microblading &#8211; Depilaci\u00f3n l\u00e1ser Microblading La micropigmentaci\u00f3n es una t\u00e9cnica precisa y segura que embellece, corrige y realza los rasgos del rostro de forma duradera. Nuestro enfoque se basa en resultados naturales y adaptados a las facciones de cada persona, cuidando cada detalle del dise\u00f1o y la aplicaci\u00f3n. Micropigmentaci\u00f3n [&hellip;]","og_url":"https:\/\/mbardon.com\/index.php\/microblading\/","og_site_name":"Est\u00e9tica MBardon","article_modified_time":"2025-05-20T09:15:11+00:00","twitter_card":"summary_large_image","twitter_misc":{"Tiempo de lectura":"1 minuto"},"schema":{"@context":"https:\/\/schema.org","@graph":[{"@type":"WebPage","@id":"https:\/\/mbardon.com\/index.php\/microblading\/","url":"https:\/\/mbardon.com\/index.php\/microblading\/","name":"Microblading - Est\u00e9tica MBardon","isPartOf":{"@id":"https:\/\/mbardon.com\/#website"},"datePublished":"2025-04-10T17:01:45+00:00","dateModified":"2025-05-20T09:15:11+00:00","breadcrumb":{"@id":"https:\/\/mbardon.com\/index.php\/microblading\/#breadcrumb"},"inLanguage":"es","potentialAction":[{"@type":"ReadAction","target":["https:\/\/mbardon.com\/index.php\/microblading\/"]}]},{"@type":"BreadcrumbList","@id":"https:\/\/mbardon.com\/index.php\/microblading\/#breadcrumb","itemListElement":[{"@type":"ListItem","position":1,"name":"Portada","item":"https:\/\/mbardon.com\/"},{"@type":"ListItem","position":2,"name":"Microblading"}]},{"@type":"WebSite","@id":"https:\/\/mbardon.com\/#website","url":"https:\/\/mbardon.com\/","name":"Est\u00e9tica MBardon","description":"","publisher":{"@id":"https:\/\/mbardon.com\/#organization"},"potentialAction":[{"@type":"SearchAction","target":{"@type":"EntryPoint","urlTemplate":"https:\/\/mbardon.com\/?s={search_term_string}"},"query-input":{"@type":"PropertyValueSpecification","valueRequired":true,"valueName":"search_term_string"}}],"inLanguage":"es"},{"@type":"Organization","@id":"https:\/\/mbardon.com\/#organization","name":"Est\u00e9tica MBardon","url":"https:\/\/mbardon.com\/","logo":{"@type":"ImageObject","inLanguage":"es","@id":"https:\/\/mbardon.com\/#\/schema\/logo\/image\/","url":"https:\/\/mbardon.com\/wp-content\/uploads\/2025\/03\/Recurso-3.svg","contentUrl":"https:\/\/mbardon.com\/wp-content\/uploads\/2025\/03\/Recurso-3.svg","width":78,"height":81,"caption":"Est\u00e9tica MBardon"},"image":{"@id":"https:\/\/mbardon.com\/#\/schema\/logo\/image\/"}}]}},"_links":{"self":[{"href":"https:\/\/mbardon.com\/index.php\/wp-json\/wp\/v2\/pages\/356","targetHints":{"allow":["GET"]}}],"collection":[{"href":"https:\/\/mbardon.com\/index.php\/wp-json\/wp\/v2\/pages"}],"about":[{"href":"https:\/\/mbardon.com\/index.php\/wp-json\/wp\/v2\/types\/page"}],"author":[{"embeddable":true,"href":"https:\/\/mbardon.com\/index.php\/wp-json\/wp\/v2\/users\/1"}],"replies":[{"embeddable":true,"href":"https:\/\/mbardon.com\/index.php\/wp-json\/wp\/v2\/comments?post=356"}],"version-history":[{"count":22,"href":"https:\/\/mbardon.com\/index.php\/wp-json\/wp\/v2\/pages\/356\/revisions"}],"predecessor-version":[{"id":928,"href":"https:\/\/mbardon.com\/index.php\/wp-json\/wp\/v2\/pages\/356\/revisions\/928"}],"wp:attachment":[{"href":"https:\/\/mbardon.com\/index.php\/wp-json\/wp\/v2\/media?parent=356"}],"curies":[{"name":"wp","href":"https:\/\/api.w.org\/{rel}","templated":true}]}}