{"id":17,"date":"2025-03-20T19:01:52","date_gmt":"2025-03-20T19:01:52","guid":{"rendered":"https:\/\/mbardon.com\/?page_id=17"},"modified":"2025-05-20T09:47:33","modified_gmt":"2025-05-20T09:47:33","slug":"contacto","status":"publish","type":"page","link":"https:\/\/mbardon.com\/index.php\/contacto\/","title":{"rendered":"Contacto"},"content":{"rendered":"\t\t<div data-elementor-type=\"wp-page\" data-elementor-id=\"17\" class=\"elementor elementor-17\" data-elementor-post-type=\"page\">\n\t\t\t\t<div class=\"elementor-element elementor-element-3ea8d20 e-flex e-con-boxed e-con e-parent\" data-id=\"3ea8d20\" data-element_type=\"container\">\n\t\t\t\t\t<div class=\"e-con-inner\">\n\t\t\t\t<div class=\"elementor-element elementor-element-95b9b74 elementor-widget elementor-widget-heading\" data-id=\"95b9b74\" data-element_type=\"widget\" data-widget_type=\"heading.default\">\n\t\t\t\t<div class=\"elementor-widget-container\">\n\t\t\t\t\t<h2 class=\"elementor-heading-title elementor-size-default\">Contacto<\/h2>\t\t\t\t<\/div>\n\t\t\t\t<\/div>\n\t\t\t\t<div class=\"elementor-element elementor-element-f4785b6 elementor-widget elementor-widget-text-editor\" data-id=\"f4785b6\" data-element_type=\"widget\" data-widget_type=\"text-editor.default\">\n\t\t\t\t<div class=\"elementor-widget-container\">\n\t\t\t\t\t\t\t\t\t<p><strong data-start=\"104\" data-end=\"155\">\u00bfTienes alguna duda o quieres reservar tu cita? <\/strong>Estamos aqu\u00ed para ayudarte.<br data-start=\"185\" data-end=\"188\" \/>Puedes escribirnos, llamarnos o rellenar el formulario y nos pondremos en contacto contigo lo antes posible.<\/p>\t\t\t\t\t\t\t\t<\/div>\n\t\t\t\t<\/div>\n\t\t<div class=\"elementor-element elementor-element-cfe01f4 e-grid e-con-full e-con e-child\" data-id=\"cfe01f4\" data-element_type=\"container\">\n\t\t<div class=\"elementor-element elementor-element-8150771 e-con-full e-flex e-con e-child\" data-id=\"8150771\" data-element_type=\"container\">\n\t\t\t\t<div class=\"elementor-element elementor-element-5e98d13 elementor-button-align-stretch elementor-widget elementor-widget-form\" data-id=\"5e98d13\" data-element_type=\"widget\" data-settings=\"{&quot;step_next_label&quot;:&quot;Next&quot;,&quot;step_previous_label&quot;:&quot;Previous&quot;,&quot;button_width&quot;:&quot;100&quot;,&quot;step_type&quot;:&quot;number_text&quot;,&quot;step_icon_shape&quot;:&quot;circle&quot;}\" data-widget_type=\"form.default\">\n\t\t\t\t<div class=\"elementor-widget-container\">\n\t\t\t\t\t\t\t<form class=\"elementor-form\" method=\"post\" name=\"New Form\">\n\t\t\t<input type=\"hidden\" name=\"post_id\" value=\"17\"\/>\n\t\t\t<input type=\"hidden\" name=\"form_id\" value=\"5e98d13\"\/>\n\t\t\t<input type=\"hidden\" name=\"referer_title\" value=\"Contacto - Est\u00e9tica MBardon\" \/>\n\n\t\t\t\t\t\t\t<input type=\"hidden\" name=\"queried_id\" value=\"17\"\/>\n\t\t\t\n\t\t\t<div class=\"elementor-form-fields-wrapper elementor-labels-above\">\n\t\t\t\t\t\t\t\t<div class=\"elementor-field-type-text elementor-field-group elementor-column elementor-field-group-name elementor-col-100 elementor-field-required\">\n\t\t\t\t\t\t\t\t\t\t\t\t<label for=\"form-field-name\" class=\"elementor-field-label\">\n\t\t\t\t\t\t\t\tNombre\t\t\t\t\t\t\t<\/label>\n\t\t\t\t\t\t\t\t\t\t\t\t\t\t<input size=\"1\" type=\"text\" name=\"form_fields[name]\" id=\"form-field-name\" class=\"elementor-field elementor-size-sm  elementor-field-textual\" required=\"required\">\n\t\t\t\t\t\t\t\t\t\t\t<\/div>\n\t\t\t\t\t\t\t\t<div class=\"elementor-field-type-tel elementor-field-group elementor-column elementor-field-group-field_e37ba7c elementor-col-100 elementor-field-required\">\n\t\t\t\t\t\t\t\t\t\t\t\t<label for=\"form-field-field_e37ba7c\" class=\"elementor-field-label\">\n\t\t\t\t\t\t\t\tTel\u00e9fono\t\t\t\t\t\t\t<\/label>\n\t\t\t\t\t\t\t\t<input size=\"1\" type=\"tel\" name=\"form_fields[field_e37ba7c]\" id=\"form-field-field_e37ba7c\" class=\"elementor-field elementor-size-sm  elementor-field-textual\" required=\"required\" pattern=\"[0-9()#&amp;+*-=.]+\" title=\"Only numbers and phone characters (#, -, *, etc) are accepted.\">\n\n\t\t\t\t\t\t<\/div>\n\t\t\t\t\t\t\t\t<div class=\"elementor-field-type-email elementor-field-group elementor-column elementor-field-group-email elementor-col-100 elementor-field-required\">\n\t\t\t\t\t\t\t\t\t\t\t\t<label for=\"form-field-email\" class=\"elementor-field-label\">\n\t\t\t\t\t\t\t\tEmail\t\t\t\t\t\t\t<\/label>\n\t\t\t\t\t\t\t\t\t\t\t\t\t\t<input size=\"1\" type=\"email\" name=\"form_fields[email]\" id=\"form-field-email\" class=\"elementor-field elementor-size-sm  elementor-field-textual\" required=\"required\">\n\t\t\t\t\t\t\t\t\t\t\t<\/div>\n\t\t\t\t\t\t\t\t<div class=\"elementor-field-type-textarea elementor-field-group elementor-column elementor-field-group-message elementor-col-100\">\n\t\t\t\t\t\t\t\t\t\t\t\t<label for=\"form-field-message\" class=\"elementor-field-label\">\n\t\t\t\t\t\t\t\tEscribe tu mensaje\t\t\t\t\t\t\t<\/label>\n\t\t\t\t\t\t<textarea class=\"elementor-field-textual elementor-field  elementor-size-sm\" name=\"form_fields[message]\" id=\"form-field-message\" rows=\"4\"><\/textarea>\t\t\t\t<\/div>\n\t\t\t\t\t\t\t\t<div class=\"elementor-field-group elementor-column elementor-field-type-submit elementor-col-100 e-form__buttons\">\n\t\t\t\t\t<button class=\"elementor-button elementor-size-sm\" type=\"submit\">\n\t\t\t\t\t\t<span class=\"elementor-button-content-wrapper\">\n\t\t\t\t\t\t\t\t\t\t\t\t\t\t\t\t\t\t\t\t\t\t<span class=\"elementor-button-text\">Enviar<\/span>\n\t\t\t\t\t\t\t\t\t\t\t\t\t<\/span>\n\t\t\t\t\t<\/button>\n\t\t\t\t<\/div>\n\t\t\t<\/div>\n\t\t<\/form>\n\t\t\t\t\t\t<\/div>\n\t\t\t\t<\/div>\n\t\t\t\t<\/div>\n\t\t<div class=\"elementor-element elementor-element-0e6b033 e-con-full e-flex e-con e-child\" data-id=\"0e6b033\" data-element_type=\"container\">\n\t\t\t\t<div class=\"elementor-element elementor-element-0d857cf elementor-widget elementor-widget-image\" data-id=\"0d857cf\" data-element_type=\"widget\" data-widget_type=\"image.default\">\n\t\t\t\t<div class=\"elementor-widget-container\">\n\t\t\t\t\t\t\t\t\t\t\t\t\t\t\t<img fetchpriority=\"high\" decoding=\"async\" width=\"800\" height=\"534\" src=\"https:\/\/mbardon.com\/wp-content\/uploads\/2025\/03\/IMG_0247-1024x683.jpg\" class=\"attachment-large size-large wp-image-125\" alt=\"\" srcset=\"https:\/\/mbardon.com\/wp-content\/uploads\/2025\/03\/IMG_0247-1024x683.jpg 1024w, https:\/\/mbardon.com\/wp-content\/uploads\/2025\/03\/IMG_0247-300x200.jpg 300w, https:\/\/mbardon.com\/wp-content\/uploads\/2025\/03\/IMG_0247-768x512.jpg 768w, https:\/\/mbardon.com\/wp-content\/uploads\/2025\/03\/IMG_0247-1536x1024.jpg 1536w, https:\/\/mbardon.com\/wp-content\/uploads\/2025\/03\/IMG_0247-2048x1365.jpg 2048w\" sizes=\"(max-width: 800px) 100vw, 800px\" \/>\t\t\t\t\t\t\t\t\t\t\t\t\t\t\t<\/div>\n\t\t\t\t<\/div>\n\t\t\t\t<\/div>\n\t\t\t\t<\/div>\n\t\t\t\t\t<\/div>\n\t\t\t\t<\/div>\n\t\t<div class=\"elementor-element elementor-element-17b2c85 e-grid e-con-full e-con e-parent\" data-id=\"17b2c85\" data-element_type=\"container\">\n\t\t\t\t<div class=\"elementor-element elementor-element-61fa471 elementor-cta--skin-classic elementor-animated-content elementor-bg-transform elementor-bg-transform-zoom-in elementor-widget elementor-widget-call-to-action\" data-id=\"61fa471\" data-element_type=\"widget\" data-widget_type=\"call-to-action.default\">\n\t\t\t\t<div class=\"elementor-widget-container\">\n\t\t\t\t\t\t\t<div class=\"elementor-cta\">\n\t\t\t\t\t\t\t<div class=\"elementor-cta__content\">\n\t\t\t\t\t\t\t\t\t<div class=\"elementor-content-item elementor-cta__content-item elementor-icon-wrapper elementor-cta__icon elementor-view-default\">\n\t\t\t\t\t\t<div class=\"elementor-icon\">\n\t\t\t\t\t\t\t<svg aria-hidden=\"true\" class=\"e-font-icon-svg e-fas-location-arrow\" viewBox=\"0 0 512 512\" xmlns=\"http:\/\/www.w3.org\/2000\/svg\"><path d=\"M444.52 3.52L28.74 195.42c-47.97 22.39-31.98 92.75 19.19 92.75h175.91v175.91c0 51.17 70.36 67.17 92.75 19.19l191.9-415.78c15.99-38.39-25.59-79.97-63.97-63.97z\"><\/path><\/svg>\t\t\t\t\t\t<\/div>\n\t\t\t\t\t<\/div>\n\t\t\t\t\n\t\t\t\t\t\t\t\t\t<h4 class=\"elementor-cta__title elementor-cta__content-item elementor-content-item\">\n\t\t\t\t\t\tLocalizaci\u00f3n\t\t\t\t\t<\/h4>\n\t\t\t\t\n\t\t\t\t\t\t\t\t\t<div class=\"elementor-cta__description elementor-cta__content-item elementor-content-item\">\n\t\t\t\t\t\tC\/ Almer\u00eda, 3<br>\nM\u00e1laga-Este, 29018 M\u00e1laga\t\t\t\t\t<\/div>\n\t\t\t\t\n\t\t\t\t\t\t\t<\/div>\n\t\t\t\t\t\t<\/div>\n\t\t\t\t\t\t<\/div>\n\t\t\t\t<\/div>\n\t\t\t\t<div class=\"elementor-element elementor-element-67bd25d elementor-cta--skin-classic elementor-animated-content elementor-bg-transform elementor-bg-transform-zoom-in elementor-widget elementor-widget-call-to-action\" data-id=\"67bd25d\" data-element_type=\"widget\" data-widget_type=\"call-to-action.default\">\n\t\t\t\t<div class=\"elementor-widget-container\">\n\t\t\t\t\t\t\t<div class=\"elementor-cta\">\n\t\t\t\t\t\t\t<div class=\"elementor-cta__content\">\n\t\t\t\t\t\t\t\t\t<div class=\"elementor-content-item elementor-cta__content-item elementor-icon-wrapper elementor-cta__icon elementor-view-default\">\n\t\t\t\t\t\t<div class=\"elementor-icon\">\n\t\t\t\t\t\t\t<svg aria-hidden=\"true\" class=\"e-font-icon-svg e-fas-clock\" viewBox=\"0 0 512 512\" xmlns=\"http:\/\/www.w3.org\/2000\/svg\"><path d=\"M256,8C119,8,8,119,8,256S119,504,256,504,504,393,504,256,393,8,256,8Zm92.49,313h0l-20,25a16,16,0,0,1-22.49,2.5h0l-67-49.72a40,40,0,0,1-15-31.23V112a16,16,0,0,1,16-16h32a16,16,0,0,1,16,16V256l58,42.5A16,16,0,0,1,348.49,321Z\"><\/path><\/svg>\t\t\t\t\t\t<\/div>\n\t\t\t\t\t<\/div>\n\t\t\t\t\n\t\t\t\t\t\t\t\t\t<h4 class=\"elementor-cta__title elementor-cta__content-item elementor-content-item\">\n\t\t\t\t\t\tHorario\t\t\t\t\t<\/h4>\n\t\t\t\t\n\t\t\t\t\t\t\t\t\t<div class=\"elementor-cta__description elementor-cta__content-item elementor-content-item\">\n\t\t\t\t\t\tLunes - Jueves: 10:00h -20:00h\n<br>Viernes: 10:00h - 14:00h<br>\n\n\t\t\t\t\t<\/div>\n\t\t\t\t\n\t\t\t\t\t\t\t<\/div>\n\t\t\t\t\t\t<\/div>\n\t\t\t\t\t\t<\/div>\n\t\t\t\t<\/div>\n\t\t\t\t<div class=\"elementor-element elementor-element-29faa86 elementor-cta--skin-classic elementor-animated-content elementor-bg-transform elementor-bg-transform-zoom-in elementor-widget elementor-widget-call-to-action\" data-id=\"29faa86\" data-element_type=\"widget\" data-widget_type=\"call-to-action.default\">\n\t\t\t\t<div class=\"elementor-widget-container\">\n\t\t\t\t\t\t\t<div class=\"elementor-cta\">\n\t\t\t\t\t\t\t<div class=\"elementor-cta__content\">\n\t\t\t\t\t\t\t\t\t<div class=\"elementor-content-item elementor-cta__content-item elementor-icon-wrapper elementor-cta__icon elementor-view-default\">\n\t\t\t\t\t\t<div class=\"elementor-icon\">\n\t\t\t\t\t\t\t<svg aria-hidden=\"true\" class=\"e-font-icon-svg e-fas-phone-alt\" viewBox=\"0 0 512 512\" xmlns=\"http:\/\/www.w3.org\/2000\/svg\"><path d=\"M497.39 361.8l-112-48a24 24 0 0 0-28 6.9l-49.6 60.6A370.66 370.66 0 0 1 130.6 204.11l60.6-49.6a23.94 23.94 0 0 0 6.9-28l-48-112A24.16 24.16 0 0 0 122.6.61l-104 24A24 24 0 0 0 0 48c0 256.5 207.9 464 464 464a24 24 0 0 0 23.4-18.6l24-104a24.29 24.29 0 0 0-14.01-27.6z\"><\/path><\/svg>\t\t\t\t\t\t<\/div>\n\t\t\t\t\t<\/div>\n\t\t\t\t\n\t\t\t\t\t\t\t\t\t<h4 class=\"elementor-cta__title elementor-cta__content-item elementor-content-item\">\n\t\t\t\t\t\tContacto\t\t\t\t\t<\/h4>\n\t\t\t\t\n\t\t\t\t\t\t\t\t\t<div class=\"elementor-cta__description elementor-cta__content-item elementor-content-item\">\n\t\t\t\t\t\t698925461<br>\ndm.bardon@hotmail.com<br>\n<a href=\"https:\/\/www.instagram.com\/mbardon_esteticaylaser\/\" target=\"_blank\" style=\"color: #B18F1A;\">@mbardon_esteticaylaser<\/a>\n\t\t\t\t\t<\/div>\n\t\t\t\t\n\t\t\t\t\t\t\t<\/div>\n\t\t\t\t\t\t<\/div>\n\t\t\t\t\t\t<\/div>\n\t\t\t\t<\/div>\n\t\t\t\t<\/div>\n\t\t\t\t<\/div>\n\t\t","protected":false},"excerpt":{"rendered":"<p>Contacto \u00bfTienes alguna duda o quieres reservar tu cita? Estamos aqu\u00ed para ayudarte.Puedes escribirnos, llamarnos o rellenar el formulario y nos pondremos en contacto contigo lo antes posible. Localizaci\u00f3n C\/ Almer\u00eda, 3 M\u00e1laga-Este, 29018 M\u00e1laga Horario Lunes &#8211; Jueves: 10:00h -20:00h Viernes: 10:00h &#8211; 14:00h Contacto 698925461 dm.bardon@hotmail.com @mbardon_esteticaylaser<\/p>\n","protected":false},"author":1,"featured_media":0,"parent":0,"menu_order":0,"comment_status":"closed","ping_status":"closed","template":"","meta":{"footnotes":""},"class_list":["post-17","page","type-page","status-publish","hentry"],"yoast_head":"<!-- This site is optimized with the Yoast SEO plugin v25.6 - https:\/\/yoast.com\/wordpress\/plugins\/seo\/ -->\n<title>Contacto - Est\u00e9tica MBardon<\/title>\n<meta name=\"robots\" content=\"index, follow, max-snippet:-1, max-image-preview:large, max-video-preview:-1\" \/>\n<link rel=\"canonical\" href=\"https:\/\/mbardon.com\/index.php\/contacto\/\" \/>\n<meta property=\"og:locale\" content=\"es_ES\" \/>\n<meta property=\"og:type\" content=\"article\" \/>\n<meta property=\"og:title\" content=\"Contacto - Est\u00e9tica MBardon\" \/>\n<meta property=\"og:description\" content=\"Contacto \u00bfTienes alguna duda o quieres reservar tu cita? Estamos aqu\u00ed para ayudarte.Puedes escribirnos, llamarnos o rellenar el formulario y nos pondremos en contacto contigo lo antes posible. Localizaci\u00f3n C\/ Almer\u00eda, 3 M\u00e1laga-Este, 29018 M\u00e1laga Horario Lunes &#8211; Jueves: 10:00h -20:00h Viernes: 10:00h &#8211; 14:00h Contacto 698925461 dm.bardon@hotmail.com @mbardon_esteticaylaser\" \/>\n<meta property=\"og:url\" content=\"https:\/\/mbardon.com\/index.php\/contacto\/\" \/>\n<meta property=\"og:site_name\" content=\"Est\u00e9tica MBardon\" \/>\n<meta property=\"article:modified_time\" content=\"2025-05-20T09:47:33+00:00\" \/>\n<meta property=\"og:image\" content=\"https:\/\/mbardon.com\/wp-content\/uploads\/2025\/03\/IMG_0247-scaled.jpg\" \/>\n\t<meta property=\"og:image:width\" content=\"2560\" \/>\n\t<meta property=\"og:image:height\" content=\"1707\" \/>\n\t<meta property=\"og:image:type\" content=\"image\/jpeg\" \/>\n<meta name=\"twitter:card\" content=\"summary_large_image\" \/>\n<script type=\"application\/ld+json\" class=\"yoast-schema-graph\">{\"@context\":\"https:\/\/schema.org\",\"@graph\":[{\"@type\":\"WebPage\",\"@id\":\"https:\/\/mbardon.com\/index.php\/contacto\/\",\"url\":\"https:\/\/mbardon.com\/index.php\/contacto\/\",\"name\":\"Contacto - Est\u00e9tica MBardon\",\"isPartOf\":{\"@id\":\"https:\/\/mbardon.com\/#website\"},\"primaryImageOfPage\":{\"@id\":\"https:\/\/mbardon.com\/index.php\/contacto\/#primaryimage\"},\"image\":{\"@id\":\"https:\/\/mbardon.com\/index.php\/contacto\/#primaryimage\"},\"thumbnailUrl\":\"https:\/\/mbardon.com\/wp-content\/uploads\/2025\/03\/IMG_0247-1024x683.jpg\",\"datePublished\":\"2025-03-20T19:01:52+00:00\",\"dateModified\":\"2025-05-20T09:47:33+00:00\",\"breadcrumb\":{\"@id\":\"https:\/\/mbardon.com\/index.php\/contacto\/#breadcrumb\"},\"inLanguage\":\"es\",\"potentialAction\":[{\"@type\":\"ReadAction\",\"target\":[\"https:\/\/mbardon.com\/index.php\/contacto\/\"]}]},{\"@type\":\"ImageObject\",\"inLanguage\":\"es\",\"@id\":\"https:\/\/mbardon.com\/index.php\/contacto\/#primaryimage\",\"url\":\"https:\/\/mbardon.com\/wp-content\/uploads\/2025\/03\/IMG_0247-scaled.jpg\",\"contentUrl\":\"https:\/\/mbardon.com\/wp-content\/uploads\/2025\/03\/IMG_0247-scaled.jpg\",\"width\":2560,\"height\":1707},{\"@type\":\"BreadcrumbList\",\"@id\":\"https:\/\/mbardon.com\/index.php\/contacto\/#breadcrumb\",\"itemListElement\":[{\"@type\":\"ListItem\",\"position\":1,\"name\":\"Portada\",\"item\":\"https:\/\/mbardon.com\/\"},{\"@type\":\"ListItem\",\"position\":2,\"name\":\"Contacto\"}]},{\"@type\":\"WebSite\",\"@id\":\"https:\/\/mbardon.com\/#website\",\"url\":\"https:\/\/mbardon.com\/\",\"name\":\"Est\u00e9tica MBardon\",\"description\":\"\",\"publisher\":{\"@id\":\"https:\/\/mbardon.com\/#organization\"},\"potentialAction\":[{\"@type\":\"SearchAction\",\"target\":{\"@type\":\"EntryPoint\",\"urlTemplate\":\"https:\/\/mbardon.com\/?s={search_term_string}\"},\"query-input\":{\"@type\":\"PropertyValueSpecification\",\"valueRequired\":true,\"valueName\":\"search_term_string\"}}],\"inLanguage\":\"es\"},{\"@type\":\"Organization\",\"@id\":\"https:\/\/mbardon.com\/#organization\",\"name\":\"Est\u00e9tica MBardon\",\"url\":\"https:\/\/mbardon.com\/\",\"logo\":{\"@type\":\"ImageObject\",\"inLanguage\":\"es\",\"@id\":\"https:\/\/mbardon.com\/#\/schema\/logo\/image\/\",\"url\":\"https:\/\/mbardon.com\/wp-content\/uploads\/2025\/03\/Recurso-3.svg\",\"contentUrl\":\"https:\/\/mbardon.com\/wp-content\/uploads\/2025\/03\/Recurso-3.svg\",\"width\":78,\"height\":81,\"caption\":\"Est\u00e9tica MBardon\"},\"image\":{\"@id\":\"https:\/\/mbardon.com\/#\/schema\/logo\/image\/\"}}]}<\/script>\n<!-- \/ Yoast SEO plugin. -->","yoast_head_json":{"title":"Contacto - Est\u00e9tica MBardon","robots":{"index":"index","follow":"follow","max-snippet":"max-snippet:-1","max-image-preview":"max-image-preview:large","max-video-preview":"max-video-preview:-1"},"canonical":"https:\/\/mbardon.com\/index.php\/contacto\/","og_locale":"es_ES","og_type":"article","og_title":"Contacto - Est\u00e9tica MBardon","og_description":"Contacto \u00bfTienes alguna duda o quieres reservar tu cita? Estamos aqu\u00ed para ayudarte.Puedes escribirnos, llamarnos o rellenar el formulario y nos pondremos en contacto contigo lo antes posible. Localizaci\u00f3n C\/ Almer\u00eda, 3 M\u00e1laga-Este, 29018 M\u00e1laga Horario Lunes &#8211; Jueves: 10:00h -20:00h Viernes: 10:00h &#8211; 14:00h Contacto 698925461 dm.bardon@hotmail.com @mbardon_esteticaylaser","og_url":"https:\/\/mbardon.com\/index.php\/contacto\/","og_site_name":"Est\u00e9tica MBardon","article_modified_time":"2025-05-20T09:47:33+00:00","og_image":[{"width":2560,"height":1707,"url":"https:\/\/mbardon.com\/wp-content\/uploads\/2025\/03\/IMG_0247-scaled.jpg","type":"image\/jpeg"}],"twitter_card":"summary_large_image","schema":{"@context":"https:\/\/schema.org","@graph":[{"@type":"WebPage","@id":"https:\/\/mbardon.com\/index.php\/contacto\/","url":"https:\/\/mbardon.com\/index.php\/contacto\/","name":"Contacto - Est\u00e9tica MBardon","isPartOf":{"@id":"https:\/\/mbardon.com\/#website"},"primaryImageOfPage":{"@id":"https:\/\/mbardon.com\/index.php\/contacto\/#primaryimage"},"image":{"@id":"https:\/\/mbardon.com\/index.php\/contacto\/#primaryimage"},"thumbnailUrl":"https:\/\/mbardon.com\/wp-content\/uploads\/2025\/03\/IMG_0247-1024x683.jpg","datePublished":"2025-03-20T19:01:52+00:00","dateModified":"2025-05-20T09:47:33+00:00","breadcrumb":{"@id":"https:\/\/mbardon.com\/index.php\/contacto\/#breadcrumb"},"inLanguage":"es","potentialAction":[{"@type":"ReadAction","target":["https:\/\/mbardon.com\/index.php\/contacto\/"]}]},{"@type":"ImageObject","inLanguage":"es","@id":"https:\/\/mbardon.com\/index.php\/contacto\/#primaryimage","url":"https:\/\/mbardon.com\/wp-content\/uploads\/2025\/03\/IMG_0247-scaled.jpg","contentUrl":"https:\/\/mbardon.com\/wp-content\/uploads\/2025\/03\/IMG_0247-scaled.jpg","width":2560,"height":1707},{"@type":"BreadcrumbList","@id":"https:\/\/mbardon.com\/index.php\/contacto\/#breadcrumb","itemListElement":[{"@type":"ListItem","position":1,"name":"Portada","item":"https:\/\/mbardon.com\/"},{"@type":"ListItem","position":2,"name":"Contacto"}]},{"@type":"WebSite","@id":"https:\/\/mbardon.com\/#website","url":"https:\/\/mbardon.com\/","name":"Est\u00e9tica MBardon","description":"","publisher":{"@id":"https:\/\/mbardon.com\/#organization"},"potentialAction":[{"@type":"SearchAction","target":{"@type":"EntryPoint","urlTemplate":"https:\/\/mbardon.com\/?s={search_term_string}"},"query-input":{"@type":"PropertyValueSpecification","valueRequired":true,"valueName":"search_term_string"}}],"inLanguage":"es"},{"@type":"Organization","@id":"https:\/\/mbardon.com\/#organization","name":"Est\u00e9tica MBardon","url":"https:\/\/mbardon.com\/","logo":{"@type":"ImageObject","inLanguage":"es","@id":"https:\/\/mbardon.com\/#\/schema\/logo\/image\/","url":"https:\/\/mbardon.com\/wp-content\/uploads\/2025\/03\/Recurso-3.svg","contentUrl":"https:\/\/mbardon.com\/wp-content\/uploads\/2025\/03\/Recurso-3.svg","width":78,"height":81,"caption":"Est\u00e9tica MBardon"},"image":{"@id":"https:\/\/mbardon.com\/#\/schema\/logo\/image\/"}}]}},"_links":{"self":[{"href":"https:\/\/mbardon.com\/index.php\/wp-json\/wp\/v2\/pages\/17","targetHints":{"allow":["GET"]}}],"collection":[{"href":"https:\/\/mbardon.com\/index.php\/wp-json\/wp\/v2\/pages"}],"about":[{"href":"https:\/\/mbardon.com\/index.php\/wp-json\/wp\/v2\/types\/page"}],"author":[{"embeddable":true,"href":"https:\/\/mbardon.com\/index.php\/wp-json\/wp\/v2\/users\/1"}],"replies":[{"embeddable":true,"href":"https:\/\/mbardon.com\/index.php\/wp-json\/wp\/v2\/comments?post=17"}],"version-history":[{"count":67,"href":"https:\/\/mbardon.com\/index.php\/wp-json\/wp\/v2\/pages\/17\/revisions"}],"predecessor-version":[{"id":931,"href":"https:\/\/mbardon.com\/index.php\/wp-json\/wp\/v2\/pages\/17\/revisions\/931"}],"wp:attachment":[{"href":"https:\/\/mbardon.com\/index.php\/wp-json\/wp\/v2\/media?parent=17"}],"curies":[{"name":"wp","href":"https:\/\/api.w.org\/{rel}","templated":true}]}}